
     {"id":73074,"date":"2026-04-07T11:34:44","date_gmt":"2026-04-07T09:34:44","guid":{"rendered":"https:\/\/cognita.network\/liceosorolla\/?page_id=73074"},"modified":"2026-04-15T17:06:11","modified_gmt":"2026-04-15T15:06:11","slug":"nuestra-familia-cognita","status":"publish","type":"page","link":"https:\/\/cognita.network\/liceosorolla\/nuestra-familia-cognita\/","title":{"rendered":"Nuestra familia Cognita"},"content":{"rendered":"<div class=\"wpb-content-wrapper\"><p>[vc_row][vc_column]<section  class=\"bg-video-wrap hero section hero--centertext  small-header \" style='background: url(https:\/\/cognita.network\/liceosorolla\/wp-content\/uploads\/sites\/157\/2026\/03\/elementor-placeholder-image.png) center ;background-size:cover ;'>\n                <div class=\"bg-overlay\" style='background:#00000000;'><\/div>\n                <div class=\"overlay\" >\n                  <div class=\"container-fluid\">\n                    <div class=\"row\">\n                      <div class=\"col-md-12 col-lg-12\">\n\n                        <div class=\"caption text-start\"><div class=\"component sub-heading\" >\n                              <h1 class=\"display-h1\">Progresar en un mundo en constante evoluci\u00f3n<\/h1>\n                            <\/div><\/div>\n                      <\/div>\n                    <\/div>\n                  <\/div>\n                <\/div>\n              <\/section><div class='row  m-x-0 breadcrumb-wrap ' style=''><div class='container-fluid' >\n                <nav aria-label='breadcrumb'><ol class=\"breadcrumb mt-3\">\n                  <li class=\"breadcrumb-item\"><a href=\"https:\/\/cognita.network\/liceosorolla\">Home<\/a><\/li>\n                  <li class=\"breadcrumb-item active\" aria-current=\"page\">Nuestra familia Cognita<\/li>\n                <\/ol>\n              <\/nav>\n              <\/div>\n            <\/div>[\/vc_column][\/vc_row][vc_row][vc_column]\n    <section  style='' class=\"section        \" ><div class=\"container-fluid\"><div class=\"row    \"><div class=\" col-lg-6 col-md-6      \" ><div class=\"component mb-1 mt-0  radius-bottom-LR \" style='px'><div class=\"sub-heading component\"><h2  class=\"h2  \">Abriendo las puertas a una comunidad de aprendizaje global<\/h2><\/div>\n                        <div class=\"sub-heading component \">\n                        <p class=\"body-medium\">En El Liceo Sorolla International School nos enorgullece formar parte de Cognita, una diversa comunidad global de m\u00e1s de 100 escuelas que comparten un prop\u00f3sito com\u00fan: apoyar a los estudiantes a prosperar en un mundo que evoluciona r\u00e1pidamente.<br \/>\n<br \/>\nLas escuelas Cognita consiguen esto proporcionando una educaci\u00f3n hol\u00edstica sobresaliente que ofrece los mejores resultados acad\u00e9micos para todos y cada uno de los estudiantes. Una combinaci\u00f3n equilibrada de aprendizaje cognitivo, social, emocional, y f\u00edsico, junto a oportunidades de aprendizaje enriquecido, ayuda a los estudiantes a desarrollar autonom\u00eda, adaptabilidad, y actitudes positivas, habilidades cr\u00edticas para prosperar.<\/p>\n                        <\/div><\/div><div class=\"component link\"><a href=\"http:\/\/www.cognita.com\" class=\" btn btn-primary\" target=\"_blank\">Visita Cognita.com<\/a><\/div><\/div>\n                    <div class=\"col-lg-6 col-md-6    \"><div class=\"component single-img \"><div class=\"ratio ratio-1x1 callout-img halfcol--img image_overlay_5727\" style=\"background-image: url(https:\/\/cognita.network\/liceosorolla\/wp-content\/uploads\/sites\/157\/2026\/03\/elementor-placeholder-image.png);\"><\/div><\/div> <\/div>\n             <\/div>\n        <\/div>\n<\/section>[\/vc_column][\/vc_row][vc_row][vc_column]\n    <section  style='background-color:#2d2e83;' class=\"section   section--blue     \" ><div class=\"container-fluid\"><div class=\"row\">\n                <div class=\"col-md-12 col-lg-10\">  <div class=\"component title\">\n                                        <p class=\"body-small\">Excelencia acad\u00e9mica<\/p>\n                                    <\/div><\/div>\n                <\/div><div class=\"row    \"><div class=\" col-lg-6 col-md-6      \" ><div class=\"component mb-1 mt-0  radius-bottom-LR \" style='px'><div class=\"sub-heading component\"><h2  class=\"h2  \">Continuamente mejorando la calidad de la educaci\u00f3n<\/h2><\/div>\n                        <div class=\"sub-heading component \">\n                        <p class=\"body-medium\">El modelo basado en evidencia de Cognita proporciona una referencia clara sobre lo que hace a una escuela excelente. Partiendo de esta base, el Equipo de Educaci\u00f3n de Cognita colabora con l\u00edderes escolares para generar una mejora continua en todas nuestras escuelas, de la forma que mejor funcione para cada comunidad educativa.<br \/>\n<br \/>\nTener acceso a un espacio de trabajo global nos permite aprovechar al m\u00e1ximo nuestra diversa comunidad al compartir las mejores pr\u00e1cticas, conectarnos y colaborar a trav\u00e9s del globo. Adem\u00e1s, nuestros profesores se benefician de oportunidades formales de desarrollo profesional, como los programas Team Fellowship y Senior Leader Enquiry, desarrollados y dirigidos en colaboraci\u00f3n con el l\u00edder mundial en educaci\u00f3n IOE de la University College of London.<\/p>\n                        <\/div><\/div><\/div>\n                    <div class=\"col-lg-6 col-md-6    \"><div class=\"component single-img \"><div class=\"ratio ratio-1x1 callout-img halfcol--img image_overlay_8602\" style=\"background-image: url(https:\/\/cognita.network\/liceosorolla\/wp-content\/uploads\/sites\/157\/2026\/03\/elementor-placeholder-image.png);\"><\/div><\/div> <\/div>\n             <\/div>\n        <\/div>\n<\/section>[\/vc_column][\/vc_row][vc_row][vc_column]\n    <section  style='' class=\"section        \" ><div class=\"container-fluid\"><div class=\"row\">\n                <div class=\"col-md-12 col-lg-10\">  <div class=\"component title\">\n                                        <p class=\"body-small\">Bienestar<\/p>\n                                    <\/div><\/div>\n                <\/div><div class=\"row    \"><div class=\" col-lg-6 col-md-6      \" ><div class=\"component mb-1 mt-0  radius-bottom-LR \" style='px'><div class=\"sub-heading component\"><h2  class=\"h2  \">El bienestar es la base de la educaci\u00f3n Cognita<\/h2><\/div>\n                        <div class=\"sub-heading component \">\n                        <p class=\"body-medium\">En nuestra familia de colegios internacionales, se vive y respira la cultura del bienestar. Cognita es pionera en el uso y an\u00e1lisis de datos que facilitan intervenciones m\u00e1s s\u00f3lidas y espec\u00edficas para el bienestar del alumnado. Complementamos la importancia del cuidado pastoral en el colegio con el desarrollo de herramientas propias para supervisar los indicadores asociados con el bienestar del alumnado, identificando proactivamente problemas a los que tengan que enfrentarse.<br \/>\n<br \/>\nAsimismo, durante el Global Be Well Day de Cognita, que se celebra de forma anual cada mes de septiembre, el Colegio Europeo de Madrid se suma a todos los colegios Cognita del mundo para dedicar un d\u00eda entero al bienestar.<br \/>\n<br \/>\nCognita produce con regularidad recursos de gran calidad para las familias, como la serie de Recursos para el Bienestar sobre tem\u00e1ticas relevantes, como el sue\u00f1o y el tiempo ante pantallas.<\/p>\n                        <\/div><\/div><div class=\"component link\"><a href=\"https:\/\/www.cognita.com\/holistic-education\/wellbeing\/\" class=\" btn btn-primary\" target=\"_blank\">Descubre m\u00e1s en Cognita Be Well<\/a><\/div><\/div>\n                    <div class=\"col-lg-6 col-md-6    \"><div class=\"component single-img \"><div class=\"ratio ratio-1x1 callout-img halfcol--img image_overlay_8577\" style=\"background-image: url(https:\/\/cognita.network\/liceosorolla\/wp-content\/uploads\/sites\/157\/2026\/03\/elementor-placeholder-image.png);\"><\/div><\/div> <\/div>\n             <\/div>\n        <\/div>\n<\/section>[\/vc_column][\/vc_row][vc_row][vc_column]\n    <section  style='background-color:#2d2e83;margin-bottom:5px;' class=\"section   section--blue     \" ><div class=\"container-fluid\"><div class=\"row\">\n                <div class=\"col-md-12 col-lg-10\">  <div class=\"component title\">\n                                        <p class=\"body-small\">Cultura del cuidado: un compromiso Cognita<\/p>\n                                    <\/div><\/div>\n                <\/div><div class=\"row    \"><div class=\" col-lg-6 col-md-6      \" ><div class=\"component mb-1 mt-0  radius-bottom-LR \" style='px'><div class=\"sub-heading component\"><h2  class=\"h2  \">Priorizando la seguridad y el bienestar de nuestros estudiantes<\/h2><\/div>\n                        <div class=\"sub-heading component \">\n                        <p class=\"body-medium\">Nuestra cultura del cuidado es compartida en todos los colegios Cognita, asegurando un entorno de aprendizaje y crecimiento seguro y positivo para los alumnos. Esto incluye la seguridad en todas las instalaciones educativas, la salud emocional del estudiante, la rigurosa selecci\u00f3n de personal, y las s\u00f3lidas pol\u00edticas, procesos, y formaci\u00f3n en salvaguarda infantil.<br \/>\n<br \/>\nCada colegio Cognita tiene unos procedimientos estandarizados de revisi\u00f3n de la protecci\u00f3n de los alumnos, y es monitorizada y verificada constantemente para ir m\u00e1s all\u00e1 de las normativas.<\/p>\n                        <\/div><\/div><\/div>\n                    <div class=\"col-lg-6 col-md-6    \"><div class=\"component single-img \"><div class=\"ratio ratio-4x3 callout-img halfcol--img image_overlay_2964\" style=\"background-image: url(https:\/\/cognita.network\/liceosorolla\/wp-content\/uploads\/sites\/157\/2026\/03\/elementor-placeholder-image.png);\"><\/div><\/div> <\/div>\n             <\/div>\n        <\/div>\n<\/section>[\/vc_column][\/vc_row]<\/p>\n<\/div>","protected":false},"excerpt":{"rendered":"<p>[vc_row][vc_column][\/vc_column][\/vc_row][vc_row][vc_column][\/vc_column][\/vc_row][vc_row][vc_column][\/vc_column][\/vc_row][vc_row][vc_column][\/vc_column][\/vc_row][vc_row][vc_column][\/vc_column][\/vc_row]<\/p>\n","protected":false},"author":457,"featured_media":0,"parent":0,"menu_order":0,"comment_status":"closed","ping_status":"closed","template":"","meta":{"_acf_changed":false,"footnotes":""},"class_list":["post-73074","page","type-page","status-publish","hentry"],"acf":[],"yoast_head":"<!-- This site is optimized with the Yoast SEO plugin v27.4 - https:\/\/yoast.com\/product\/yoast-seo-wordpress\/ -->\n<title>Nuestra familia Cognita - Liceo Sorolla International School<\/title>\n<meta name=\"robots\" content=\"index, follow, max-snippet:-1, max-image-preview:large, max-video-preview:-1\" \/>\n<link rel=\"canonical\" href=\"https:\/\/cognita.network\/liceosorolla\/nuestra-familia-cognita\/\" \/>\n<meta property=\"og:locale\" content=\"es_ES\" \/>\n<meta property=\"og:type\" content=\"article\" \/>\n<meta property=\"og:title\" content=\"Nuestra familia Cognita - Liceo Sorolla International School\" \/>\n<meta property=\"og:description\" content=\"[vc_row][vc_column][\/vc_column][\/vc_row][vc_row][vc_column][\/vc_column][\/vc_row][vc_row][vc_column][\/vc_column][\/vc_row][vc_row][vc_column][\/vc_column][\/vc_row][vc_row][vc_column][\/vc_column][\/vc_row]\" \/>\n<meta property=\"og:url\" content=\"https:\/\/cognita.network\/liceosorolla\/nuestra-familia-cognita\/\" \/>\n<meta property=\"og:site_name\" content=\"Liceo Sorolla International School\" \/>\n<meta property=\"article:modified_time\" content=\"2026-04-15T15:06:11+00:00\" \/>\n<meta name=\"twitter:card\" content=\"summary_large_image\" \/>\n<meta name=\"twitter:label1\" content=\"Tiempo de lectura\" \/>\n\t<meta name=\"twitter:data1\" content=\"1 minuto\" \/>\n<!-- \/ Yoast SEO plugin. -->","yoast_head_json":{"title":"Nuestra familia Cognita - Liceo Sorolla International School","robots":{"index":"index","follow":"follow","max-snippet":"max-snippet:-1","max-image-preview":"max-image-preview:large","max-video-preview":"max-video-preview:-1"},"canonical":"https:\/\/cognita.network\/liceosorolla\/nuestra-familia-cognita\/","og_locale":"es_ES","og_type":"article","og_title":"Nuestra familia Cognita - Liceo Sorolla International School","og_description":"[vc_row][vc_column][\/vc_column][\/vc_row][vc_row][vc_column][\/vc_column][\/vc_row][vc_row][vc_column][\/vc_column][\/vc_row][vc_row][vc_column][\/vc_column][\/vc_row][vc_row][vc_column][\/vc_column][\/vc_row]","og_url":"https:\/\/cognita.network\/liceosorolla\/nuestra-familia-cognita\/","og_site_name":"Liceo Sorolla International School","article_modified_time":"2026-04-15T15:06:11+00:00","twitter_card":"summary_large_image","twitter_misc":{"Tiempo de lectura":"1 minuto"},"schema":{"@context":"https:\/\/schema.org","@graph":[{"@type":"WebPage","@id":"https:\/\/cognita.network\/liceosorolla\/nuestra-familia-cognita\/","url":"https:\/\/cognita.network\/liceosorolla\/nuestra-familia-cognita\/","name":"Nuestra familia Cognita - Liceo Sorolla International School","isPartOf":{"@id":"https:\/\/cognita.network\/liceosorolla\/#website"},"datePublished":"2026-04-07T09:34:44+00:00","dateModified":"2026-04-15T15:06:11+00:00","breadcrumb":{"@id":"https:\/\/cognita.network\/liceosorolla\/nuestra-familia-cognita\/#breadcrumb"},"inLanguage":"es","potentialAction":[{"@type":"ReadAction","target":["https:\/\/cognita.network\/liceosorolla\/nuestra-familia-cognita\/"]}]},{"@type":"BreadcrumbList","@id":"https:\/\/cognita.network\/liceosorolla\/nuestra-familia-cognita\/#breadcrumb","itemListElement":[{"@type":"ListItem","position":1,"name":"Home","item":"https:\/\/cognita.network\/liceosorolla\/"},{"@type":"ListItem","position":2,"name":"Nuestra familia Cognita"}]},{"@type":"WebSite","@id":"https:\/\/cognita.network\/liceosorolla\/#website","url":"https:\/\/cognita.network\/liceosorolla\/","name":"Liceo Sorolla International School","description":"Passionate Teaching, Premium Education","potentialAction":[{"@type":"SearchAction","target":{"@type":"EntryPoint","urlTemplate":"https:\/\/cognita.network\/liceosorolla\/?s={search_term_string}"},"query-input":{"@type":"PropertyValueSpecification","valueRequired":true,"valueName":"search_term_string"}}],"inLanguage":"es"}]}},"jetpack_sharing_enabled":true,"_links":{"self":[{"href":"https:\/\/cognita.network\/liceosorolla\/wp-json\/wp\/v2\/pages\/73074","targetHints":{"allow":["GET"]}}],"collection":[{"href":"https:\/\/cognita.network\/liceosorolla\/wp-json\/wp\/v2\/pages"}],"about":[{"href":"https:\/\/cognita.network\/liceosorolla\/wp-json\/wp\/v2\/types\/page"}],"author":[{"embeddable":true,"href":"https:\/\/cognita.network\/liceosorolla\/wp-json\/wp\/v2\/users\/457"}],"replies":[{"embeddable":true,"href":"https:\/\/cognita.network\/liceosorolla\/wp-json\/wp\/v2\/comments?post=73074"}],"version-history":[{"count":4,"href":"https:\/\/cognita.network\/liceosorolla\/wp-json\/wp\/v2\/pages\/73074\/revisions"}],"predecessor-version":[{"id":73374,"href":"https:\/\/cognita.network\/liceosorolla\/wp-json\/wp\/v2\/pages\/73074\/revisions\/73374"}],"wp:attachment":[{"href":"https:\/\/cognita.network\/liceosorolla\/wp-json\/wp\/v2\/media?parent=73074"}],"curies":[{"name":"wp","href":"https:\/\/api.w.org\/{rel}","templated":true}]}}